{"id":1285,"date":"2025-11-06T09:17:54","date_gmt":"2025-11-06T09:17:54","guid":{"rendered":"https:\/\/yngvenilsson.se\/?post_type=product&#038;p=1285"},"modified":"2025-12-04T13:17:05","modified_gmt":"2025-12-04T12:17:05","slug":"prydnadslist-hoger-framdorr-svart-am2001-2007","status":"publish","type":"product","link":"https:\/\/yngvenilsson.se\/?product=prydnadslist-hoger-framdorr-svart-am2001-2007","title":{"rendered":"Prydnadslist h\u00f6ger framd\u00f6rr svart \u00c5M2001-2007"},"content":{"rendered":"","protected":false},"excerpt":{"rendered":"<p>9190684<\/p>\n","protected":false},"featured_media":1247,"comment_status":"open","ping_status":"closed","template":"","meta":{"_et_pb_use_builder":"","_et_pb_old_content":"","_et_gb_content_width":""},"product_brand":[29],"product_cat":[27,48,28],"product_tag":[44],"class_list":{"0":"post-1285","1":"product","2":"type-product","3":"status-publish","4":"has-post-thumbnail","6":"product_brand-volvopart","7":"product_cat-dorrar-luckor","8":"product_cat-exteriort","9":"product_cat-lister","10":"product_tag-v70","11":"product_shipping_class-paket-5-kg","13":"first","14":"instock","15":"taxable","16":"shipping-taxable","17":"purchasable","18":"product-type-simple"},"jetpack_sharing_enabled":true,"_links":{"self":[{"href":"https:\/\/yngvenilsson.se\/index.php?rest_route=\/wp\/v2\/product\/1285","targetHints":{"allow":["GET"]}}],"collection":[{"href":"https:\/\/yngvenilsson.se\/index.php?rest_route=\/wp\/v2\/product"}],"about":[{"href":"https:\/\/yngvenilsson.se\/index.php?rest_route=\/wp\/v2\/types\/product"}],"replies":[{"embeddable":true,"href":"https:\/\/yngvenilsson.se\/index.php?rest_route=%2Fwp%2Fv2%2Fcomments&post=1285"}],"wp:featuredmedia":[{"embeddable":true,"href":"https:\/\/yngvenilsson.se\/index.php?rest_route=\/wp\/v2\/media\/1247"}],"wp:attachment":[{"href":"https:\/\/yngvenilsson.se\/index.php?rest_route=%2Fwp%2Fv2%2Fmedia&parent=1285"}],"wp:term":[{"taxonomy":"product_brand","embeddable":true,"href":"https:\/\/yngvenilsson.se\/index.php?rest_route=%2Fwp%2Fv2%2Fproduct_brand&post=1285"},{"taxonomy":"product_cat","embeddable":true,"href":"https:\/\/yngvenilsson.se\/index.php?rest_route=%2Fwp%2Fv2%2Fproduct_cat&post=1285"},{"taxonomy":"product_tag","embeddable":true,"href":"https:\/\/yngvenilsson.se\/index.php?rest_route=%2Fwp%2Fv2%2Fproduct_tag&post=1285"}],"curies":[{"name":"wp","href":"https:\/\/api.w.org\/{rel}","templated":true}]}}