{"id":1279,"date":"2025-11-06T08:54:59","date_gmt":"2025-11-06T08:54:59","guid":{"rendered":"https:\/\/yngvenilsson.se\/?post_type=product&#038;p=1279"},"modified":"2025-12-04T13:18:23","modified_gmt":"2025-12-04T12:18:23","slug":"knappsats-hoger-framdorr-gra-hogerstyrd","status":"publish","type":"product","link":"https:\/\/yngvenilsson.se\/?product=knappsats-hoger-framdorr-gra-hogerstyrd","title":{"rendered":"Knappsats h\u00f6ger framd\u00f6rr gr\u00e5, h\u00f6gerstyrd"},"content":{"rendered":"","protected":false},"excerpt":{"rendered":"<p>9128322<\/p>\n","protected":false},"featured_media":1241,"comment_status":"open","ping_status":"closed","template":"","meta":{"_et_pb_use_builder":"","_et_pb_old_content":"","_et_gb_content_width":""},"product_brand":[29],"product_cat":[27,45,33],"product_tag":[24,25],"class_list":{"0":"post-1279","1":"product","2":"type-product","3":"status-publish","4":"has-post-thumbnail","6":"product_brand-volvopart","7":"product_cat-dorrar-luckor","8":"product_cat-el","9":"product_cat-interior","10":"product_tag-24","11":"product_tag-s90","12":"product_shipping_class-paket-5-kg","14":"first","15":"instock","16":"taxable","17":"shipping-taxable","18":"purchasable","19":"product-type-simple"},"jetpack_sharing_enabled":true,"_links":{"self":[{"href":"https:\/\/yngvenilsson.se\/index.php?rest_route=\/wp\/v2\/product\/1279","targetHints":{"allow":["GET"]}}],"collection":[{"href":"https:\/\/yngvenilsson.se\/index.php?rest_route=\/wp\/v2\/product"}],"about":[{"href":"https:\/\/yngvenilsson.se\/index.php?rest_route=\/wp\/v2\/types\/product"}],"replies":[{"embeddable":true,"href":"https:\/\/yngvenilsson.se\/index.php?rest_route=%2Fwp%2Fv2%2Fcomments&post=1279"}],"wp:featuredmedia":[{"embeddable":true,"href":"https:\/\/yngvenilsson.se\/index.php?rest_route=\/wp\/v2\/media\/1241"}],"wp:attachment":[{"href":"https:\/\/yngvenilsson.se\/index.php?rest_route=%2Fwp%2Fv2%2Fmedia&parent=1279"}],"wp:term":[{"taxonomy":"product_brand","embeddable":true,"href":"https:\/\/yngvenilsson.se\/index.php?rest_route=%2Fwp%2Fv2%2Fproduct_brand&post=1279"},{"taxonomy":"product_cat","embeddable":true,"href":"https:\/\/yngvenilsson.se\/index.php?rest_route=%2Fwp%2Fv2%2Fproduct_cat&post=1279"},{"taxonomy":"product_tag","embeddable":true,"href":"https:\/\/yngvenilsson.se\/index.php?rest_route=%2Fwp%2Fv2%2Fproduct_tag&post=1279"}],"curies":[{"name":"wp","href":"https:\/\/api.w.org\/{rel}","templated":true}]}}