{"id":1269,"date":"2025-11-05T20:40:35","date_gmt":"2025-11-05T20:40:35","guid":{"rendered":"https:\/\/yngvenilsson.se\/?post_type=product&#038;p=1269"},"modified":"2025-12-04T13:24:15","modified_gmt":"2025-12-04T12:24:15","slug":"motor-fonsterhiss-hoger-am2007-2010-used-in-middle-door-limousine","status":"publish","type":"product","link":"https:\/\/yngvenilsson.se\/?product=motor-fonsterhiss-hoger-am2007-2010-used-in-middle-door-limousine","title":{"rendered":"Motor f\u00f6nsterhiss h\u00f6ger \u00c5M2007-2010, (used in middle door limousine)"},"content":{"rendered":"","protected":false},"excerpt":{"rendered":"<p>30699648<\/p>\n","protected":false},"featured_media":1231,"comment_status":"open","ping_status":"closed","template":"","meta":{"_et_pb_use_builder":"","_et_pb_old_content":"","_et_gb_content_width":""},"product_brand":[30,29],"product_cat":[27,45],"product_tag":[35,44],"class_list":{"0":"post-1269","1":"product","2":"type-product","3":"status-publish","4":"has-post-thumbnail","6":"product_brand-nilsson-part","7":"product_brand-volvopart","8":"product_cat-dorrar-luckor","9":"product_cat-el","10":"product_tag-s80","11":"product_tag-v70","12":"product_shipping_class-paket-5-kg","14":"first","15":"instock","16":"taxable","17":"shipping-taxable","18":"purchasable","19":"product-type-simple"},"jetpack_sharing_enabled":true,"_links":{"self":[{"href":"https:\/\/yngvenilsson.se\/index.php?rest_route=\/wp\/v2\/product\/1269","targetHints":{"allow":["GET"]}}],"collection":[{"href":"https:\/\/yngvenilsson.se\/index.php?rest_route=\/wp\/v2\/product"}],"about":[{"href":"https:\/\/yngvenilsson.se\/index.php?rest_route=\/wp\/v2\/types\/product"}],"replies":[{"embeddable":true,"href":"https:\/\/yngvenilsson.se\/index.php?rest_route=%2Fwp%2Fv2%2Fcomments&post=1269"}],"wp:featuredmedia":[{"embeddable":true,"href":"https:\/\/yngvenilsson.se\/index.php?rest_route=\/wp\/v2\/media\/1231"}],"wp:attachment":[{"href":"https:\/\/yngvenilsson.se\/index.php?rest_route=%2Fwp%2Fv2%2Fmedia&parent=1269"}],"wp:term":[{"taxonomy":"product_brand","embeddable":true,"href":"https:\/\/yngvenilsson.se\/index.php?rest_route=%2Fwp%2Fv2%2Fproduct_brand&post=1269"},{"taxonomy":"product_cat","embeddable":true,"href":"https:\/\/yngvenilsson.se\/index.php?rest_route=%2Fwp%2Fv2%2Fproduct_cat&post=1269"},{"taxonomy":"product_tag","embeddable":true,"href":"https:\/\/yngvenilsson.se\/index.php?rest_route=%2Fwp%2Fv2%2Fproduct_tag&post=1269"}],"curies":[{"name":"wp","href":"https:\/\/api.w.org\/{rel}","templated":true}]}}