{"id":1268,"date":"2025-11-05T20:38:59","date_gmt":"2025-11-05T20:38:59","guid":{"rendered":"https:\/\/yngvenilsson.se\/?post_type=product&#038;p=1268"},"modified":"2025-12-04T13:24:25","modified_gmt":"2025-12-04T12:24:25","slug":"motor-fonsterhiss-am2007-2010-used-in-middle-door-limousine","status":"publish","type":"product","link":"https:\/\/yngvenilsson.se\/?product=motor-fonsterhiss-am2007-2010-used-in-middle-door-limousine","title":{"rendered":"Motor f\u00f6nsterhiss v\u00e4nster \u00c5M2007-2010, (used in middle door limousine)"},"content":{"rendered":"","protected":false},"excerpt":{"rendered":"<p>30699647<\/p>\n","protected":false},"featured_media":1230,"comment_status":"open","ping_status":"closed","template":"","meta":{"_et_pb_use_builder":"","_et_pb_old_content":"","_et_gb_content_width":""},"product_brand":[],"product_cat":[27,45],"product_tag":[35,44],"class_list":{"0":"post-1268","1":"product","2":"type-product","3":"status-publish","4":"has-post-thumbnail","6":"product_cat-dorrar-luckor","7":"product_cat-el","8":"product_tag-s80","9":"product_tag-v70","10":"product_shipping_class-paket-5-kg","12":"first","13":"instock","14":"taxable","15":"shipping-taxable","16":"purchasable","17":"product-type-simple"},"jetpack_sharing_enabled":true,"_links":{"self":[{"href":"https:\/\/yngvenilsson.se\/index.php?rest_route=\/wp\/v2\/product\/1268","targetHints":{"allow":["GET"]}}],"collection":[{"href":"https:\/\/yngvenilsson.se\/index.php?rest_route=\/wp\/v2\/product"}],"about":[{"href":"https:\/\/yngvenilsson.se\/index.php?rest_route=\/wp\/v2\/types\/product"}],"replies":[{"embeddable":true,"href":"https:\/\/yngvenilsson.se\/index.php?rest_route=%2Fwp%2Fv2%2Fcomments&post=1268"}],"wp:featuredmedia":[{"embeddable":true,"href":"https:\/\/yngvenilsson.se\/index.php?rest_route=\/wp\/v2\/media\/1230"}],"wp:attachment":[{"href":"https:\/\/yngvenilsson.se\/index.php?rest_route=%2Fwp%2Fv2%2Fmedia&parent=1268"}],"wp:term":[{"taxonomy":"product_brand","embeddable":true,"href":"https:\/\/yngvenilsson.se\/index.php?rest_route=%2Fwp%2Fv2%2Fproduct_brand&post=1268"},{"taxonomy":"product_cat","embeddable":true,"href":"https:\/\/yngvenilsson.se\/index.php?rest_route=%2Fwp%2Fv2%2Fproduct_cat&post=1268"},{"taxonomy":"product_tag","embeddable":true,"href":"https:\/\/yngvenilsson.se\/index.php?rest_route=%2Fwp%2Fv2%2Fproduct_tag&post=1268"}],"curies":[{"name":"wp","href":"https:\/\/api.w.org\/{rel}","templated":true}]}}