{"id":1211,"date":"2025-11-05T13:09:02","date_gmt":"2025-11-05T13:09:02","guid":{"rendered":"https:\/\/yngvenilsson.se\/?post_type=product&#038;p=1211"},"modified":"2025-12-05T09:48:54","modified_gmt":"2025-12-05T08:48:54","slug":"kablage-hoger-bakdorr-am2014-2016","status":"publish","type":"product","link":"https:\/\/yngvenilsson.se\/?product=kablage-hoger-bakdorr-am2014-2016","title":{"rendered":"Kablage h\u00f6ger bakd\u00f6rr \u00c5M2014-2016"},"content":{"rendered":"","protected":false},"excerpt":{"rendered":"<p>31374832<\/p>\n","protected":false},"featured_media":422,"comment_status":"open","ping_status":"closed","template":"","meta":{"_et_pb_use_builder":"","_et_pb_old_content":"","_et_gb_content_width":""},"product_brand":[29],"product_cat":[27,45],"product_tag":[44],"class_list":{"0":"post-1211","1":"product","2":"type-product","3":"status-publish","4":"has-post-thumbnail","6":"product_brand-volvopart","7":"product_cat-dorrar-luckor","8":"product_cat-el","9":"product_tag-v70","10":"product_shipping_class-paket-5-kg","12":"first","13":"instock","14":"taxable","15":"shipping-taxable","16":"purchasable","17":"product-type-simple"},"jetpack_sharing_enabled":true,"_links":{"self":[{"href":"https:\/\/yngvenilsson.se\/index.php?rest_route=\/wp\/v2\/product\/1211","targetHints":{"allow":["GET"]}}],"collection":[{"href":"https:\/\/yngvenilsson.se\/index.php?rest_route=\/wp\/v2\/product"}],"about":[{"href":"https:\/\/yngvenilsson.se\/index.php?rest_route=\/wp\/v2\/types\/product"}],"replies":[{"embeddable":true,"href":"https:\/\/yngvenilsson.se\/index.php?rest_route=%2Fwp%2Fv2%2Fcomments&post=1211"}],"wp:featuredmedia":[{"embeddable":true,"href":"https:\/\/yngvenilsson.se\/index.php?rest_route=\/wp\/v2\/media\/422"}],"wp:attachment":[{"href":"https:\/\/yngvenilsson.se\/index.php?rest_route=%2Fwp%2Fv2%2Fmedia&parent=1211"}],"wp:term":[{"taxonomy":"product_brand","embeddable":true,"href":"https:\/\/yngvenilsson.se\/index.php?rest_route=%2Fwp%2Fv2%2Fproduct_brand&post=1211"},{"taxonomy":"product_cat","embeddable":true,"href":"https:\/\/yngvenilsson.se\/index.php?rest_route=%2Fwp%2Fv2%2Fproduct_cat&post=1211"},{"taxonomy":"product_tag","embeddable":true,"href":"https:\/\/yngvenilsson.se\/index.php?rest_route=%2Fwp%2Fv2%2Fproduct_tag&post=1211"}],"curies":[{"name":"wp","href":"https:\/\/api.w.org\/{rel}","templated":true}]}}