{"id":1176,"date":"2025-11-03T14:02:02","date_gmt":"2025-11-03T14:02:02","guid":{"rendered":"https:\/\/yngvenilsson.se\/?post_type=product&#038;p=1176"},"modified":"2025-12-05T09:58:44","modified_gmt":"2025-12-05T08:58:44","slug":"dorrglas-fast-vanster-mellandorr-morktonat","status":"publish","type":"product","link":"https:\/\/yngvenilsson.se\/?product=dorrglas-fast-vanster-mellandorr-morktonat","title":{"rendered":"D\u00f6rrglas &#8221;fast&#8221; v\u00e4nster melland\u00f6rr m\u00f6rktonat"},"content":{"rendered":"","protected":false},"excerpt":{"rendered":"<p>Part no.: 9180032<\/p>\n","protected":false},"featured_media":390,"comment_status":"open","ping_status":"closed","template":"","meta":{"_et_pb_use_builder":"","_et_pb_old_content":"","_et_gb_content_width":""},"product_brand":[30,29],"product_cat":[27,31],"product_tag":[24,25],"class_list":{"0":"post-1176","1":"product","2":"type-product","3":"status-publish","4":"has-post-thumbnail","6":"product_brand-nilsson-part","7":"product_brand-volvopart","8":"product_cat-dorrar-luckor","9":"product_cat-glas","10":"product_tag-24","11":"product_tag-s90","12":"product_shipping_class-paket-mer-an-5-kg-sve","14":"first","15":"instock","16":"taxable","17":"shipping-taxable","18":"purchasable","19":"product-type-simple"},"jetpack_sharing_enabled":true,"_links":{"self":[{"href":"https:\/\/yngvenilsson.se\/index.php?rest_route=\/wp\/v2\/product\/1176","targetHints":{"allow":["GET"]}}],"collection":[{"href":"https:\/\/yngvenilsson.se\/index.php?rest_route=\/wp\/v2\/product"}],"about":[{"href":"https:\/\/yngvenilsson.se\/index.php?rest_route=\/wp\/v2\/types\/product"}],"replies":[{"embeddable":true,"href":"https:\/\/yngvenilsson.se\/index.php?rest_route=%2Fwp%2Fv2%2Fcomments&post=1176"}],"wp:featuredmedia":[{"embeddable":true,"href":"https:\/\/yngvenilsson.se\/index.php?rest_route=\/wp\/v2\/media\/390"}],"wp:attachment":[{"href":"https:\/\/yngvenilsson.se\/index.php?rest_route=%2Fwp%2Fv2%2Fmedia&parent=1176"}],"wp:term":[{"taxonomy":"product_brand","embeddable":true,"href":"https:\/\/yngvenilsson.se\/index.php?rest_route=%2Fwp%2Fv2%2Fproduct_brand&post=1176"},{"taxonomy":"product_cat","embeddable":true,"href":"https:\/\/yngvenilsson.se\/index.php?rest_route=%2Fwp%2Fv2%2Fproduct_cat&post=1176"},{"taxonomy":"product_tag","embeddable":true,"href":"https:\/\/yngvenilsson.se\/index.php?rest_route=%2Fwp%2Fv2%2Fproduct_tag&post=1176"}],"curies":[{"name":"wp","href":"https:\/\/api.w.org\/{rel}","templated":true}]}}