{"id":1171,"date":"2025-11-03T13:48:58","date_gmt":"2025-11-03T13:48:58","guid":{"rendered":"https:\/\/yngvenilsson.se\/?post_type=product&#038;p=1171"},"modified":"2025-12-05T09:59:57","modified_gmt":"2025-12-05T08:59:57","slug":"knappsats-hoger-framdorrspanel-gra-hogerstyrd","status":"publish","type":"product","link":"https:\/\/yngvenilsson.se\/?product=knappsats-hoger-framdorrspanel-gra-hogerstyrd","title":{"rendered":"Knappsats h\u00f6ger framd\u00f6rrspanel gr\u00e5, h\u00f6gerstyrd"},"content":{"rendered":"","protected":false},"excerpt":{"rendered":"<p>Part no.: 9128322<\/p>\n","protected":false},"featured_media":0,"comment_status":"open","ping_status":"closed","template":"","meta":{"_et_pb_use_builder":"","_et_pb_old_content":"","_et_gb_content_width":""},"product_brand":[29],"product_cat":[27,45,33],"product_tag":[24,25],"class_list":{"0":"post-1171","1":"product","2":"type-product","3":"status-publish","5":"product_brand-volvopart","6":"product_cat-dorrar-luckor","7":"product_cat-el","8":"product_cat-interior","9":"product_tag-24","10":"product_tag-s90","11":"product_shipping_class-paket-5-kg","13":"first","14":"instock","15":"taxable","16":"shipping-taxable","17":"purchasable","18":"product-type-simple"},"jetpack_sharing_enabled":true,"_links":{"self":[{"href":"https:\/\/yngvenilsson.se\/index.php?rest_route=\/wp\/v2\/product\/1171","targetHints":{"allow":["GET"]}}],"collection":[{"href":"https:\/\/yngvenilsson.se\/index.php?rest_route=\/wp\/v2\/product"}],"about":[{"href":"https:\/\/yngvenilsson.se\/index.php?rest_route=\/wp\/v2\/types\/product"}],"replies":[{"embeddable":true,"href":"https:\/\/yngvenilsson.se\/index.php?rest_route=%2Fwp%2Fv2%2Fcomments&post=1171"}],"wp:attachment":[{"href":"https:\/\/yngvenilsson.se\/index.php?rest_route=%2Fwp%2Fv2%2Fmedia&parent=1171"}],"wp:term":[{"taxonomy":"product_brand","embeddable":true,"href":"https:\/\/yngvenilsson.se\/index.php?rest_route=%2Fwp%2Fv2%2Fproduct_brand&post=1171"},{"taxonomy":"product_cat","embeddable":true,"href":"https:\/\/yngvenilsson.se\/index.php?rest_route=%2Fwp%2Fv2%2Fproduct_cat&post=1171"},{"taxonomy":"product_tag","embeddable":true,"href":"https:\/\/yngvenilsson.se\/index.php?rest_route=%2Fwp%2Fv2%2Fproduct_tag&post=1171"}],"curies":[{"name":"wp","href":"https:\/\/api.w.org\/{rel}","templated":true}]}}