{"id":45,"date":"2025-03-11T18:26:27","date_gmt":"2025-03-11T18:26:27","guid":{"rendered":"http:\/\/yngvenilsson.se\/?page_id=45"},"modified":"2025-12-16T10:39:34","modified_gmt":"2025-12-16T09:39:34","slug":"cart","status":"publish","type":"page","link":"https:\/\/yngvenilsson.se\/?page_id=45","title":{"rendered":"Cart"},"content":{"rendered":"\n<div data-block-name=\"woocommerce\/cart\" class=\"wp-block-woocommerce-cart alignwide is-loading\">\n<div data-block-name=\"woocommerce\/filled-cart-block\" class=\"wp-block-woocommerce-filled-cart-block\">\n<div data-block-name=\"woocommerce\/cart-items-block\" class=\"wp-block-woocommerce-cart-items-block\">\n<div data-block-name=\"woocommerce\/cart-line-items-block\" class=\"wp-block-woocommerce-cart-line-items-block\"><\/div>\n\n\n\n<div data-block-name=\"woocommerce\/cart-cross-sells-block\" class=\"wp-block-woocommerce-cart-cross-sells-block\">\n<h2 class=\"wp-block-heading has-large-font-size\">You may be interested in\u2026<\/h2>\n\n\n\n<div data-block-name=\"woocommerce\/cart-cross-sells-products-block\" class=\"wp-block-woocommerce-cart-cross-sells-products-block\"><\/div>\n<\/div>\n<\/div>\n\n\n\n<div data-block-name=\"woocommerce\/cart-totals-block\" class=\"wp-block-woocommerce-cart-totals-block\">\n<div data-block-name=\"woocommerce\/cart-order-summary-block\" class=\"wp-block-woocommerce-cart-order-summary-block\">\n<div data-block-name=\"woocommerce\/cart-order-summary-heading-block\" class=\"wp-block-woocommerce-cart-order-summary-heading-block\"><\/div><div data-block-name=\"woocommerce\/cart-order-summary-coupon-form-block\" class=\"wp-block-woocommerce-cart-order-summary-coupon-form-block\"><\/div><div data-block-name=\"woocommerce\/cart-order-summary-totals-block\" class=\"wp-block-woocommerce-cart-order-summary-totals-block\">\n<div data-block-name=\"woocommerce\/cart-order-summary-subtotal-block\" class=\"wp-block-woocommerce-cart-order-summary-subtotal-block\"><\/div>\n<div data-block-name=\"woocommerce\/cart-order-summary-discount-block\" class=\"wp-block-woocommerce-cart-order-summary-discount-block\"><\/div>\n<div data-block-name=\"woocommerce\/cart-order-summary-fee-block\" class=\"wp-block-woocommerce-cart-order-summary-fee-block\"><\/div>\n<div data-block-name=\"woocommerce\/cart-order-summary-shipping-block\" class=\"wp-block-woocommerce-cart-order-summary-shipping-block\"><\/div>\n<div data-block-name=\"woocommerce\/cart-order-summary-taxes-block\" class=\"wp-block-woocommerce-cart-order-summary-taxes-block\"><\/div><\/div>\n<\/div>\n\n\n\n<div data-block-name=\"woocommerce\/cart-express-payment-block\" class=\"wp-block-woocommerce-cart-express-payment-block\"><\/div>\n\n\n\n<div data-block-name=\"woocommerce\/proceed-to-checkout-block\" class=\"wp-block-woocommerce-proceed-to-checkout-block\"><\/div>\n\n\n\n<div data-block-name=\"woocommerce\/cart-accepted-payment-methods-block\" class=\"wp-block-woocommerce-cart-accepted-payment-methods-block\"><\/div>\n<\/div>\n<\/div>\n\n\n\n<div data-block-name=\"woocommerce\/empty-cart-block\" class=\"wp-block-woocommerce-empty-cart-block\">\n<h2 class=\"wp-block-heading has-text-align-center with-empty-cart-icon wc-block-cart__empty-cart__title\">Your cart is currently empty!<\/h2>\n\n\n\n<hr class=\"wp-block-separator has-alpha-channel-opacity is-style-dots\"\/>\n\n\n\n<h2 class=\"wp-block-heading has-text-align-center\">New in store<\/h2>\n\n\n<div data-block-name=\"woocommerce\/product-new\" data-columns=\"4\" data-rows=\"1\" class=\"wc-block-grid wp-block-product-new wp-block-woocommerce-product-new wc-block-product-new has-4-columns\"><ul class=\"wc-block-grid__products\"><li class=\"wc-block-grid__product\">\n\t\t\t\t<a href=\"https:\/\/yngvenilsson.se\/?product=taklampa-mittre-soft-beige-am2007-2013\" class=\"wc-block-grid__product-link\">\n\t\t\t\t\t\n\t\t\t\t\t<div class=\"wc-block-grid__product-image\"><img loading=\"lazy\" decoding=\"async\" width=\"300\" height=\"300\" src=\"https:\/\/yngvenilsson.se\/wp-content\/uploads\/2025\/11\/39859712-rotated-300x300.jpg\" class=\"attachment-woocommerce_thumbnail size-woocommerce_thumbnail\" alt=\"Taklampa mittre, soft beige \u00c5M2007-2013\" \/><\/div>\n\t\t\t\t\t<div class=\"wc-block-grid__product-title\">Taklampa mittre, soft beige \u00c5M2007-2013<\/div>\n\t\t\t\t<\/a>\n\t\t\t\t<div class=\"wc-block-grid__product-price price\"><span class=\"woocommerce-Price-amount amount\">500,00&nbsp;<span class=\"woocommerce-Price-currencySymbol\">&#107;&#114;<\/span><\/span> <small class=\"woocommerce-price-suffix\">inkl. moms<\/small><\/div>\n\t\t\t\t\n\t\t\t\t<div class=\"wp-block-button wc-block-grid__product-add-to-cart\"><a href=\"\/index.php?rest_route=%2Fwp%2Fv2%2Fpages%2F45&#038;add-to-cart=1293\" aria-label=\"L\u00e4gg till i varukorgen: \u201dTaklampa mittre, soft beige \u00c5M2007-2013\u201d\" data-quantity=\"1\" data-product_id=\"1293\" data-product_sku=\"39859712\" data-price=\"500\" rel=\"nofollow\" class=\"wp-block-button__link  add_to_cart_button ajax_add_to_cart\">L\u00e4gg till i varukorg<\/a><\/div>\n\t\t\t<\/li><li class=\"wc-block-grid__product\">\n\t\t\t\t<a href=\"https:\/\/yngvenilsson.se\/?product=bilbalte-baksate-mittre-am2008-2013\" class=\"wc-block-grid__product-link\">\n\t\t\t\t\t\n\t\t\t\t\t<div class=\"wc-block-grid__product-image\"><img loading=\"lazy\" decoding=\"async\" width=\"300\" height=\"300\" src=\"https:\/\/yngvenilsson.se\/wp-content\/uploads\/2025\/11\/39859409-rotated-300x300.jpg\" class=\"attachment-woocommerce_thumbnail size-woocommerce_thumbnail\" alt=\"Bilb\u00e4lte baks\u00e4te mittre \u00c5M2008-2013\" \/><\/div>\n\t\t\t\t\t<div class=\"wc-block-grid__product-title\">Bilb\u00e4lte baks\u00e4te mittre \u00c5M2008-2013<\/div>\n\t\t\t\t<\/a>\n\t\t\t\t<div class=\"wc-block-grid__product-price price\"><span class=\"woocommerce-Price-amount amount\">2600,00&nbsp;<span class=\"woocommerce-Price-currencySymbol\">&#107;&#114;<\/span><\/span> <small class=\"woocommerce-price-suffix\">inkl. moms<\/small><\/div>\n\t\t\t\t\n\t\t\t\t<div class=\"wp-block-button wc-block-grid__product-add-to-cart\"><a href=\"\/index.php?rest_route=%2Fwp%2Fv2%2Fpages%2F45&#038;add-to-cart=1292\" aria-label=\"L\u00e4gg till i varukorgen: \u201dBilb\u00e4lte baks\u00e4te mittre \u00c5M2008-2013\u201d\" data-quantity=\"1\" data-product_id=\"1292\" data-product_sku=\"39859409\" data-price=\"2600\" rel=\"nofollow\" class=\"wp-block-button__link  add_to_cart_button ajax_add_to_cart\">L\u00e4gg till i varukorg<\/a><\/div>\n\t\t\t<\/li><li class=\"wc-block-grid__product\">\n\t\t\t\t<a href=\"https:\/\/yngvenilsson.se\/?product=blinkersglas-backspegel-vanster-am2001-2009\" class=\"wc-block-grid__product-link\">\n\t\t\t\t\t\n\t\t\t\t\t<div class=\"wc-block-grid__product-image\"><img loading=\"lazy\" decoding=\"async\" width=\"300\" height=\"300\" src=\"https:\/\/yngvenilsson.se\/wp-content\/uploads\/2025\/11\/31111090-rotated-300x300.jpg\" class=\"attachment-woocommerce_thumbnail size-woocommerce_thumbnail\" alt=\"Blinkersglas backspegel v\u00e4nster \u00c5M2001-2009\" \/><\/div>\n\t\t\t\t\t<div class=\"wc-block-grid__product-title\">Blinkersglas backspegel v\u00e4nster \u00c5M2001-2009<\/div>\n\t\t\t\t<\/a>\n\t\t\t\t<div class=\"wc-block-grid__product-price price\"><span class=\"woocommerce-Price-amount amount\">450,00&nbsp;<span class=\"woocommerce-Price-currencySymbol\">&#107;&#114;<\/span><\/span> <small class=\"woocommerce-price-suffix\">inkl. moms<\/small><\/div>\n\t\t\t\t\n\t\t\t\t<div class=\"wp-block-button wc-block-grid__product-add-to-cart\"><a href=\"\/index.php?rest_route=%2Fwp%2Fv2%2Fpages%2F45&#038;add-to-cart=1291\" aria-label=\"L\u00e4gg till i varukorgen: \u201dBlinkersglas backspegel v\u00e4nster \u00c5M2001-2009\u201d\" data-quantity=\"1\" data-product_id=\"1291\" data-product_sku=\"31111090\" data-price=\"450\" rel=\"nofollow\" class=\"wp-block-button__link  add_to_cart_button ajax_add_to_cart\">L\u00e4gg till i varukorg<\/a><\/div>\n\t\t\t<\/li><li class=\"wc-block-grid__product\">\n\t\t\t\t<a href=\"https:\/\/yngvenilsson.se\/?product=tvarbalk-kardan\" class=\"wc-block-grid__product-link\">\n\t\t\t\t\t\n\t\t\t\t\t<div class=\"wc-block-grid__product-image\"><img loading=\"lazy\" decoding=\"async\" width=\"300\" height=\"300\" src=\"https:\/\/yngvenilsson.se\/wp-content\/uploads\/2025\/11\/30645100-rotated-300x300.jpg\" class=\"attachment-woocommerce_thumbnail size-woocommerce_thumbnail\" alt=\"Tv\u00e4rbalk kardan\" \/><\/div>\n\t\t\t\t\t<div class=\"wc-block-grid__product-title\">Tv\u00e4rbalk kardan<\/div>\n\t\t\t\t<\/a>\n\t\t\t\t<div class=\"wc-block-grid__product-price price\"><span class=\"woocommerce-Price-amount amount\">450,00&nbsp;<span class=\"woocommerce-Price-currencySymbol\">&#107;&#114;<\/span><\/span> <small class=\"woocommerce-price-suffix\">inkl. moms<\/small><\/div>\n\t\t\t\t\n\t\t\t\t<div class=\"wp-block-button wc-block-grid__product-add-to-cart\"><a href=\"\/index.php?rest_route=%2Fwp%2Fv2%2Fpages%2F45&#038;add-to-cart=1290\" aria-label=\"L\u00e4gg till i varukorgen: \u201dTv\u00e4rbalk kardan\u201d\" data-quantity=\"1\" data-product_id=\"1290\" data-product_sku=\"30645100\" data-price=\"450\" rel=\"nofollow\" class=\"wp-block-button__link  add_to_cart_button ajax_add_to_cart\">L\u00e4gg till i varukorg<\/a><\/div>\n\t\t\t<\/li><\/ul><\/div><\/div>\n<\/div>\n","protected":false},"excerpt":{"rendered":"","protected":false},"author":1,"featured_media":0,"parent":0,"menu_order":0,"comment_status":"closed","ping_status":"closed","template":"","meta":{"_et_pb_use_builder":"","_et_pb_old_content":"","_et_gb_content_width":"","footnotes":""},"folder":[],"class_list":["post-45","page","type-page","status-publish","hentry"],"jetpack_sharing_enabled":true,"_links":{"self":[{"href":"https:\/\/yngvenilsson.se\/index.php?rest_route=\/wp\/v2\/pages\/45","targetHints":{"allow":["GET"]}}],"collection":[{"href":"https:\/\/yngvenilsson.se\/index.php?rest_route=\/wp\/v2\/pages"}],"about":[{"href":"https:\/\/yngvenilsson.se\/index.php?rest_route=\/wp\/v2\/types\/page"}],"author":[{"embeddable":true,"href":"https:\/\/yngvenilsson.se\/index.php?rest_route=\/wp\/v2\/users\/1"}],"replies":[{"embeddable":true,"href":"https:\/\/yngvenilsson.se\/index.php?rest_route=%2Fwp%2Fv2%2Fcomments&post=45"}],"version-history":[{"count":1,"href":"https:\/\/yngvenilsson.se\/index.php?rest_route=\/wp\/v2\/pages\/45\/revisions"}],"predecessor-version":[{"id":103,"href":"https:\/\/yngvenilsson.se\/index.php?rest_route=\/wp\/v2\/pages\/45\/revisions\/103"}],"wp:attachment":[{"href":"https:\/\/yngvenilsson.se\/index.php?rest_route=%2Fwp%2Fv2%2Fmedia&parent=45"}],"wp:term":[{"taxonomy":"folder","embeddable":true,"href":"https:\/\/yngvenilsson.se\/index.php?rest_route=%2Fwp%2Fv2%2Ffolder&post=45"}],"curies":[{"name":"wp","href":"https:\/\/api.w.org\/{rel}","templated":true}]}}